{"id":11,"date":"2018-07-14T19:08:41","date_gmt":"2018-07-14T17:08:41","guid":{"rendered":"https:\/\/akdusekbudil.cz\/?page_id=11"},"modified":"2026-05-01T23:14:37","modified_gmt":"2026-05-01T21:14:37","slug":"o-nas","status":"publish","type":"page","link":"https:\/\/akdusekbudil.cz\/?page_id=11","title":{"rendered":"O n\u00e1s"},"content":{"rendered":"<h1><a href=\"https:\/\/akdusekbudil.cz\/?attachment_id=346\" rel=\"attachment wp-att-346\"><img loading=\"lazy\" class=\"alignnone wp-image-346 size-full\" src=\"https:\/\/akdusekbudil.cz\/wp-content\/uploads\/2019\/09\/IMG_0054-e1583663255908.jpg\" alt=\"\" width=\"2048\" height=\"1152\" srcset=\"https:\/\/akdusekbudil.cz\/wp-content\/uploads\/2019\/09\/IMG_0054-e1583663255908.jpg 2048w, https:\/\/akdusekbudil.cz\/wp-content\/uploads\/2019\/09\/IMG_0054-e1583663255908-300x169.jpg 300w, https:\/\/akdusekbudil.cz\/wp-content\/uploads\/2019\/09\/IMG_0054-e1583663255908-768x432.jpg 768w, https:\/\/akdusekbudil.cz\/wp-content\/uploads\/2019\/09\/IMG_0054-e1583663255908-1024x576.jpg 1024w, https:\/\/akdusekbudil.cz\/wp-content\/uploads\/2019\/09\/IMG_0054-e1583663255908-1160x653.jpg 1160w, https:\/\/akdusekbudil.cz\/wp-content\/uploads\/2019\/09\/IMG_0054-e1583663255908-600x338.jpg 600w\" sizes=\"(max-width: 2048px) 100vw, 2048px\" \/><\/a><\/h1>\n<h1>N\u00e1\u0161 t\u00fdm<\/h1>\n<div class=\"onas-plate\">\n<p><a href=\"https:\/\/akdusekbudil.cz\/?attachment_id=200\"><img loading=\"lazy\" class=\"alignnone wp-image-200 size-medium\" src=\"https:\/\/akdusekbudil.cz\/wp-content\/uploads\/2018\/08\/Libor-end-2-200x300.jpg\" alt=\"\" width=\"200\" height=\"300\" srcset=\"https:\/\/akdusekbudil.cz\/wp-content\/uploads\/2018\/08\/Libor-end-2-200x300.jpg 200w, https:\/\/akdusekbudil.cz\/wp-content\/uploads\/2018\/08\/Libor-end-2-768x1151.jpg 768w, https:\/\/akdusekbudil.cz\/wp-content\/uploads\/2018\/08\/Libor-end-2-683x1024.jpg 683w, https:\/\/akdusekbudil.cz\/wp-content\/uploads\/2018\/08\/Libor-end-2-600x899.jpg 600w, https:\/\/akdusekbudil.cz\/wp-content\/uploads\/2018\/08\/Libor-end-2.jpg 1170w\" sizes=\"(max-width: 200px) 100vw, 200px\" \/><\/a><\/p>\n<div class=\"onas-content\">\n<h1 class=\"onas-name\">Libor Du\u0161ek<\/h1>\n<p class=\"onas-text onas-title\"><strong>Advok\u00e1t<\/strong><\/p>\n<p class=\"onas-text\">Absolvent Pr\u00e1vnick\u00e9 fakulty Univerzity Karlovy v Praze, p\u0159ed otev\u0159en\u00edm vlastn\u00ed advok\u00e1tn\u00ed praxe v roce 2017 p\u016fsobil jako koncipient v advok\u00e1tn\u00ed kancel\u00e1\u0159i Pavla Vo\u0159\u00ed\u0161ka.<\/p>\n<\/div>\n<\/div>\n<div class=\"onas-plate\">\n<p><a href=\"https:\/\/akdusekbudil.cz\/?attachment_id=202\"><img loading=\"lazy\" class=\"alignnone wp-image-202 size-medium\" src=\"https:\/\/akdusekbudil.cz\/wp-content\/uploads\/2018\/08\/Petr-final-5-200x300.jpg\" alt=\"\" width=\"200\" height=\"300\" srcset=\"https:\/\/akdusekbudil.cz\/wp-content\/uploads\/2018\/08\/Petr-final-5-200x300.jpg 200w, https:\/\/akdusekbudil.cz\/wp-content\/uploads\/2018\/08\/Petr-final-5.jpg 487w\" sizes=\"(max-width: 200px) 100vw, 200px\" \/><\/a><\/p>\n<div class=\"onas-content\">\n<h1 class=\"onas-name\">Petr Budil<\/h1>\n<p class=\"onas-text onas-title\"><strong>Advok\u00e1t<\/strong><\/p>\n<p class=\"onas-text\">Absolvent Pr\u00e1vnick\u00e9 fakulty Univerzity Karlovy v Praze. Od roku 2018 p\u016fsobil jako advok\u00e1tn\u00ed koncipient, od roku 2022 jako advok\u00e1t. Aktu\u00e1ln\u011b m\u00e1 pozastaven v\u00fdkon advokacie a p\u016fsob\u00ed ve funkci st\u00e1tn\u00edho z\u00e1stupce.<\/p>\n<\/div>\n<\/div>\n<div class=\"onas-plate onas-third\">\n<p><a href=\"https:\/\/akdusekbudil.cz\/?attachment_id=399\" rel=\"attachment wp-att-399\"><img loading=\"lazy\" class=\"alignnone wp-image-399\" src=\"https:\/\/akdusekbudil.cz\/wp-content\/uploads\/2020\/03\/Lucka-193x300.png\" alt=\"\" width=\"200\" height=\"312\" \/><\/a><\/p>\n<div class=\"onas-content\">\n<h1 class=\"onas-name\">Lucie Li\u0161kov\u00e1<\/h1>\n<p class=\"onas-text onas-title\"><strong>Advok\u00e1tka<\/strong><\/p>\n<p class=\"onas-text\">Absolventka Pr\u00e1vnick\u00e9 fakulty Univerzity Karlovy v Praze a ro\u010dn\u00edho studia pr\u00e1va na Ludwig-Maximilians-Universit\u00e4t v Mnichov\u011b. Vlastn\u00ed advok\u00e1tn\u00ed praxi provozuje od roku 2017.<\/p>\n<\/div>\n<\/div>\n<h2>Dal\u0161\u00ed odkazy<\/h2>\n<p><a href=\"https:\/\/akdusekbudil.cz\/?page_id=15\">Spolupracujeme<\/a><br \/>\n<a href=\"https:\/\/akdusekbudil.cz\/?page_id=17\">Podporujeme<\/a><br \/>\n<a href=\"https:\/\/akdusekbudil.cz\/?page_id=13\">Informace pro spot\u0159ebitele<\/a><\/p>\n","protected":false},"excerpt":{"rendered":"<p>N\u00e1\u0161 t\u00fdm Libor Du\u0161ek Advok\u00e1t Absolvent Pr\u00e1vnick\u00e9 fakulty Univerzity Karlovy v Praze, p\u0159ed otev\u0159en\u00edm vlastn\u00ed advok\u00e1tn\u00ed praxe v roce 2017 p\u016fsobil jako koncipient v advok\u00e1tn\u00ed kancel\u00e1\u0159i Pavla Vo\u0159\u00ed\u0161ka. Petr Budil Advok\u00e1t Absolvent Pr\u00e1vnick\u00e9 fakulty Univerzity Karlovy v Praze. Od roku 2018 p\u016fsobil jako advok\u00e1tn\u00ed koncipient, od roku 2022 jako advok\u00e1t. Aktu\u00e1ln\u011b m\u00e1 pozastaven v\u00fdkon advokacie [&hellip;]<\/p>\n","protected":false},"author":1,"featured_media":0,"parent":0,"menu_order":0,"comment_status":"closed","ping_status":"closed","template":"","meta":[],"amp_enabled":true,"_links":{"self":[{"href":"https:\/\/akdusekbudil.cz\/index.php?rest_route=\/wp\/v2\/pages\/11"}],"collection":[{"href":"https:\/\/akdusekbudil.cz\/index.php?rest_route=\/wp\/v2\/pages"}],"about":[{"href":"https:\/\/akdusekbudil.cz\/index.php?rest_route=\/wp\/v2\/types\/page"}],"author":[{"embeddable":true,"href":"https:\/\/akdusekbudil.cz\/index.php?rest_route=\/wp\/v2\/users\/1"}],"replies":[{"embeddable":true,"href":"https:\/\/akdusekbudil.cz\/index.php?rest_route=%2Fwp%2Fv2%2Fcomments&post=11"}],"version-history":[{"count":66,"href":"https:\/\/akdusekbudil.cz\/index.php?rest_route=\/wp\/v2\/pages\/11\/revisions"}],"predecessor-version":[{"id":490,"href":"https:\/\/akdusekbudil.cz\/index.php?rest_route=\/wp\/v2\/pages\/11\/revisions\/490"}],"wp:attachment":[{"href":"https:\/\/akdusekbudil.cz\/index.php?rest_route=%2Fwp%2Fv2%2Fmedia&parent=11"}],"curies":[{"name":"wp","href":"https:\/\/api.w.org\/{rel}","templated":true}]}}