{"id":13,"date":"2018-07-14T19:09:13","date_gmt":"2018-07-14T17:09:13","guid":{"rendered":"https:\/\/akdusekbudil.cz\/?page_id=13"},"modified":"2018-07-16T21:46:05","modified_gmt":"2018-07-16T19:46:05","slug":"informace-pro-spotrebitele","status":"publish","type":"page","link":"https:\/\/akdusekbudil.cz\/?page_id=13","title":{"rendered":"Informace pro spot\u0159ebitele"},"content":{"rendered":"<h1>Informace pro spot\u0159ebitele<\/h1>\n<p class=\"fr-tag\">V souvislosti s\u00a0novelou z\u00e1kona \u010d. 634\/1992 Sb., o\u00a0ochran\u011b spot\u0159ebitele, ve zn\u011bn\u00ed pozd\u011bj\u0161\u00edch p\u0159edpis\u016f, kter\u00e1 byla uve\u0159ejn\u011bna ve Sb\u00edrce z\u00e1kon\u016f pod \u010d. 378\/2015 Sb.,\u00a0 bychom r\u00e1di informovali na\u0161e klienty, kte\u0159\u00ed vstupuj\u00ed do smluvn\u00edch pom\u011bru s\u00a0na\u0161\u00ed advok\u00e1tn\u00ed kancel\u00e1\u0159\u00ed a maj\u00ed v tomto pom\u011bru postaven\u00ed spot\u0159ebitele, \u017ee p\u0159\u00edpadn\u00e9 spot\u0159ebitelsk\u00e9 spory vznikl\u00e9 v\u00a0souvislosti s\u00a0poskytov\u00e1n\u00edm pr\u00e1vn\u00edch slu\u017eeb je mo\u017en\u00e9 \u0159e\u0161it mimosoudn\u011b p\u0159ed \u010ceskou advok\u00e1tn\u00ed komorou (\u010cAK). Pokud v\u00a0p\u0159\u00edpad\u011b spot\u0159ebitelsk\u00e9ho sporu nedojde k\u00a0dohod\u011b mezi klientem a na\u0161\u00ed advok\u00e1tn\u00ed kancel\u00e1\u0159\u00ed, m\u016f\u017ee se klient obr\u00e1tit na \u010cAK s\u00a0n\u00e1vrhem na mimosoudn\u00ed \u0159e\u0161en\u00ed sporu.<\/p>\n<p>N\u00e1vrh na zah\u00e1jen\u00ed mimosoudn\u00edho \u0159\u00edzen\u00ed m\u016f\u017ee spot\u0159ebitel podat nejpozd\u011bji do 1 roku ode dne, kdy uplatnil sv\u00e9 pr\u00e1vo, kter\u00e9 je p\u0159edm\u011btem sporu, u advok\u00e1ta poprv\u00e9. Mimosoudn\u00ed \u0159e\u0161en\u00ed spot\u0159ebitelsk\u00e9ho sporu bude zah\u00e1jeno na n\u00e1vrh spot\u0159ebitele, kter\u00fd mus\u00ed obsahovat tyto \u00fadaje:<\/p>\n<ol>\n<li>identifika\u010dn\u00ed \u00fadaje stran sporu<\/li>\n<li>\u00fapln\u00e9 a srozumiteln\u00e9 vyl\u00ed\u010den\u00ed rozhodn\u00fdch skute\u010dnost\u00ed<\/li>\n<li>ozna\u010den\u00ed, \u010deho se navrhovatel dom\u00e1h\u00e1<\/li>\n<li>datum, kdy navrhovatel uplatnil sv\u00e9 pr\u00e1vo, kter\u00e9 je p\u0159edm\u011btem sporu, u advok\u00e1ta poprv\u00e9<\/li>\n<li>prohl\u00e1\u0161en\u00ed, \u017ee ve v\u011bci nerozhodl soud, nebyl vyd\u00e1n rozhod\u010d\u00ed n\u00e1lez a nebyla uzav\u0159ena dohoda stran v r\u00e1mci mimosoudn\u00edho \u0159e\u0161en\u00ed spot\u0159ebitelsk\u00e9ho sporu a ani nebylo zah\u00e1jeno \u0159\u00edzen\u00ed p\u0159ed soudem, rozhod\u010d\u00ed \u0159\u00edzen\u00ed nebo mimosoudn\u00ed \u0159e\u0161en\u00ed spot\u0159ebitelsk\u00e9ho sporu podle z\u00e1kona o ochran\u011b spot\u0159ebitele<\/li>\n<li>datum a podpis navrhovatele (spot\u0159ebitele).<\/li>\n<\/ol>\n<p class=\"fr-tag\">Internetov\u00e1 adresa \u010cAK je\u00a0<a href=\"http:\/\/www.cak.cz\/\">www.cak.cz<\/a>. Na uveden\u00e9 adrese lze nal\u00e9zt tak\u00e9 dal\u0161\u00ed podrobn\u00e9 informace k\u00a0mimosoudn\u00edmu \u0159e\u0161en\u00ed spot\u0159ebitelsk\u00fdch spor\u016f v\u010detn\u011b zp\u016fsobu jejich zah\u00e1jen\u00ed.<\/p>\n","protected":false},"excerpt":{"rendered":"<p>Informace pro spot\u0159ebitele V souvislosti s\u00a0novelou z\u00e1kona \u010d. 634\/1992 Sb., o\u00a0ochran\u011b spot\u0159ebitele, ve zn\u011bn\u00ed pozd\u011bj\u0161\u00edch p\u0159edpis\u016f, kter\u00e1 byla uve\u0159ejn\u011bna ve Sb\u00edrce z\u00e1kon\u016f pod \u010d. 378\/2015 Sb.,\u00a0 bychom r\u00e1di informovali na\u0161e klienty, kte\u0159\u00ed vstupuj\u00ed do smluvn\u00edch pom\u011bru s\u00a0na\u0161\u00ed advok\u00e1tn\u00ed kancel\u00e1\u0159\u00ed a maj\u00ed v tomto pom\u011bru postaven\u00ed spot\u0159ebitele, \u017ee p\u0159\u00edpadn\u00e9 spot\u0159ebitelsk\u00e9 spory vznikl\u00e9 v\u00a0souvislosti s\u00a0poskytov\u00e1n\u00edm pr\u00e1vn\u00edch slu\u017eeb [&hellip;]<\/p>\n","protected":false},"author":1,"featured_media":0,"parent":11,"menu_order":2,"comment_status":"closed","ping_status":"closed","template":"","meta":[],"amp_enabled":true,"_links":{"self":[{"href":"https:\/\/akdusekbudil.cz\/index.php?rest_route=\/wp\/v2\/pages\/13"}],"collection":[{"href":"https:\/\/akdusekbudil.cz\/index.php?rest_route=\/wp\/v2\/pages"}],"about":[{"href":"https:\/\/akdusekbudil.cz\/index.php?rest_route=\/wp\/v2\/types\/page"}],"author":[{"embeddable":true,"href":"https:\/\/akdusekbudil.cz\/index.php?rest_route=\/wp\/v2\/users\/1"}],"replies":[{"embeddable":true,"href":"https:\/\/akdusekbudil.cz\/index.php?rest_route=%2Fwp%2Fv2%2Fcomments&post=13"}],"version-history":[{"count":3,"href":"https:\/\/akdusekbudil.cz\/index.php?rest_route=\/wp\/v2\/pages\/13\/revisions"}],"predecessor-version":[{"id":121,"href":"https:\/\/akdusekbudil.cz\/index.php?rest_route=\/wp\/v2\/pages\/13\/revisions\/121"}],"up":[{"embeddable":true,"href":"https:\/\/akdusekbudil.cz\/index.php?rest_route=\/wp\/v2\/pages\/11"}],"wp:attachment":[{"href":"https:\/\/akdusekbudil.cz\/index.php?rest_route=%2Fwp%2Fv2%2Fmedia&parent=13"}],"curies":[{"name":"wp","href":"https:\/\/api.w.org\/{rel}","templated":true}]}}