{"id":17,"date":"2018-07-14T19:09:56","date_gmt":"2018-07-14T17:09:56","guid":{"rendered":"https:\/\/akdusekbudil.cz\/?page_id=17"},"modified":"2018-12-21T12:45:49","modified_gmt":"2018-12-21T11:45:49","slug":"spolupracujeme","status":"publish","type":"page","link":"https:\/\/akdusekbudil.cz\/?page_id=17","title":{"rendered":"Podporujeme"},"content":{"rendered":"<h1>Podporujeme<\/h1>\n<ul>\n<li>PRO BONO<\/li>\n<\/ul>\n<p>Poskytujeme slu\u017eby\u00a0<em>Pro bono <\/em>ve prosp\u011bch obecn\u011b prosp\u011b\u0161n\u00e9 spole\u010dnosti\u00a0<a href=\"http:\/\/www.hospiccheb.cz\/\" target=\"_blank\" rel=\"noopener\">Hospic Sv. Ji\u0159\u00ed v Chebu<\/a>. Tato instituce prost\u0159ednictv\u00edm tzv. mobiln\u00ed hospicov\u00e9 p\u00e9\u010de umo\u017e\u0148uje nevyl\u00e9\u010diteln\u011b nemocn\u00fdm lidem str\u00e1vit posledn\u00ed f\u00e1zi sv\u00e9ho \u017eivota doma &#8211; v okruhu sv\u00fdch bl\u00edzk\u00fdch. Mobiln\u00ed paliativn\u00ed p\u00e9\u010de dosud nen\u00ed plo\u0161n\u011b hrazena z ve\u0159ejn\u00e9ho poji\u0161t\u011bn\u00ed, proto je podpora Hospice Sv. Ji\u0159\u00ed ze soukrom\u00e9ho sektoru st\u00e1le nezbytn\u011b d\u016fle\u017eit\u00e1.<\/p>\n<p>&nbsp;<\/p>\n<ul>\n<li>PR\u00c1VO NA INFORMACE<\/li>\n<\/ul>\n<p>V r\u00e1mci spolku <a href=\"http:\/\/www.zpravyzchebu.cz\">Zpr\u00e1vy z Chebu, z.s.<\/a> dlouhodob\u011b podporujeme aktivn\u00ed ob\u010danskou kontrolu ve\u0159ejn\u00e9 politiky na komun\u00e1ln\u00ed \u00farovni. Za kl\u00ed\u010dovou pak pova\u017eujeme kontrolu obchodn\u00edch korporac\u00ed a nadac\u00ed, v nich\u017e m\u00e1 majetkov\u00fd pod\u00edl m\u011bsto Cheb. Zast\u00e1v\u00e1me n\u00e1zor, \u017ee efektivn\u00ed kontroly na obecn\u00ed \u00farovni by nemohlo b\u00fdt bez legislativy zaji\u0161\u0165uj\u00edc\u00ed svobodn\u00fd p\u0159\u00edstup k informac\u00edm.<\/p>\n<p>&nbsp;<\/p>\n<p><img loading=\"lazy\" class=\"alignleft size-full wp-image-303\" src=\"https:\/\/akdusekbudil.cz\/wp-content\/uploads\/2018\/12\/cheb.jpg\" alt=\"\" width=\"2048\" height=\"1365\" srcset=\"https:\/\/akdusekbudil.cz\/wp-content\/uploads\/2018\/12\/cheb.jpg 2048w, https:\/\/akdusekbudil.cz\/wp-content\/uploads\/2018\/12\/cheb-300x200.jpg 300w, https:\/\/akdusekbudil.cz\/wp-content\/uploads\/2018\/12\/cheb-768x512.jpg 768w, https:\/\/akdusekbudil.cz\/wp-content\/uploads\/2018\/12\/cheb-1024x683.jpg 1024w, https:\/\/akdusekbudil.cz\/wp-content\/uploads\/2018\/12\/cheb-600x400.jpg 600w\" sizes=\"(max-width: 2048px) 100vw, 2048px\" \/><\/p>\n<p>&nbsp;<\/p>\n<p>&nbsp;<\/p>\n<p>&nbsp;<\/p>\n<p>&nbsp;<\/p>\n<p>&nbsp;<\/p>\n","protected":false},"excerpt":{"rendered":"<p>Podporujeme PRO BONO Poskytujeme slu\u017eby\u00a0Pro bono ve prosp\u011bch obecn\u011b prosp\u011b\u0161n\u00e9 spole\u010dnosti\u00a0Hospic Sv. Ji\u0159\u00ed v Chebu. Tato instituce prost\u0159ednictv\u00edm tzv. mobiln\u00ed hospicov\u00e9 p\u00e9\u010de umo\u017e\u0148uje nevyl\u00e9\u010diteln\u011b nemocn\u00fdm lidem str\u00e1vit posledn\u00ed f\u00e1zi sv\u00e9ho \u017eivota doma &#8211; v okruhu sv\u00fdch bl\u00edzk\u00fdch. Mobiln\u00ed paliativn\u00ed p\u00e9\u010de dosud nen\u00ed plo\u0161n\u011b hrazena z ve\u0159ejn\u00e9ho poji\u0161t\u011bn\u00ed, proto je podpora Hospice Sv. Ji\u0159\u00ed ze soukrom\u00e9ho [&hellip;]<\/p>\n","protected":false},"author":1,"featured_media":0,"parent":11,"menu_order":1,"comment_status":"closed","ping_status":"closed","template":"","meta":[],"amp_enabled":true,"_links":{"self":[{"href":"https:\/\/akdusekbudil.cz\/index.php?rest_route=\/wp\/v2\/pages\/17"}],"collection":[{"href":"https:\/\/akdusekbudil.cz\/index.php?rest_route=\/wp\/v2\/pages"}],"about":[{"href":"https:\/\/akdusekbudil.cz\/index.php?rest_route=\/wp\/v2\/types\/page"}],"author":[{"embeddable":true,"href":"https:\/\/akdusekbudil.cz\/index.php?rest_route=\/wp\/v2\/users\/1"}],"replies":[{"embeddable":true,"href":"https:\/\/akdusekbudil.cz\/index.php?rest_route=%2Fwp%2Fv2%2Fcomments&post=17"}],"version-history":[{"count":9,"href":"https:\/\/akdusekbudil.cz\/index.php?rest_route=\/wp\/v2\/pages\/17\/revisions"}],"predecessor-version":[{"id":308,"href":"https:\/\/akdusekbudil.cz\/index.php?rest_route=\/wp\/v2\/pages\/17\/revisions\/308"}],"up":[{"embeddable":true,"href":"https:\/\/akdusekbudil.cz\/index.php?rest_route=\/wp\/v2\/pages\/11"}],"wp:attachment":[{"href":"https:\/\/akdusekbudil.cz\/index.php?rest_route=%2Fwp%2Fv2%2Fmedia&parent=17"}],"curies":[{"name":"wp","href":"https:\/\/api.w.org\/{rel}","templated":true}]}}