{"id":21,"date":"2018-07-14T19:10:21","date_gmt":"2018-07-14T17:10:21","guid":{"rendered":"https:\/\/akdusekbudil.cz\/?page_id=21"},"modified":"2018-12-13T23:50:27","modified_gmt":"2018-12-13T22:50:27","slug":"specializace","status":"publish","type":"page","link":"https:\/\/akdusekbudil.cz\/?page_id=21","title":{"rendered":"Specializace"},"content":{"rendered":"<p>Poskytujeme slu\u017eby v oblasti pr\u00e1va s akcentem na pr\u00e1vo obchodn\u00edch korporac\u00ed. St\u00e1l\u00fdmi klienty AK Libor Du\u0161ek jsou zejm\u00e9na obchodn\u00ed spole\u010dnosti p\u016fsob\u00edc\u00ed v Karlovarsk\u00e9m kraji. Na\u0161im dlouhodob\u00fdm c\u00edlem na odborn\u00e9 \u00farovni je propojit m\u00edstn\u00ed praxi korpor\u00e1tn\u00edho pr\u00e1va s akademickou sf\u00e9rou, pop\u0159. se z\u00e1konod\u00e1rn\u00fdmi org\u00e1ny.<\/p>\n<p>&nbsp;<\/p>\n<p><img loading=\"lazy\" class=\"alignnone wp-image-286 size-full\" src=\"https:\/\/akdusekbudil.cz\/wp-content\/uploads\/2018\/12\/dss-1.png\" alt=\"\" width=\"961\" height=\"683\" srcset=\"https:\/\/akdusekbudil.cz\/wp-content\/uploads\/2018\/12\/dss-1.png 961w, https:\/\/akdusekbudil.cz\/wp-content\/uploads\/2018\/12\/dss-1-300x213.png 300w, https:\/\/akdusekbudil.cz\/wp-content\/uploads\/2018\/12\/dss-1-768x546.png 768w, https:\/\/akdusekbudil.cz\/wp-content\/uploads\/2018\/12\/dss-1-600x426.png 600w\" sizes=\"(max-width: 961px) 100vw, 961px\" \/><\/p>\n<p>&nbsp;<\/p>\n","protected":false},"excerpt":{"rendered":"<p>Poskytujeme slu\u017eby v oblasti pr\u00e1va s akcentem na pr\u00e1vo obchodn\u00edch korporac\u00ed. St\u00e1l\u00fdmi klienty AK Libor Du\u0161ek jsou zejm\u00e9na obchodn\u00ed spole\u010dnosti p\u016fsob\u00edc\u00ed v Karlovarsk\u00e9m kraji. Na\u0161im dlouhodob\u00fdm c\u00edlem na odborn\u00e9 \u00farovni je propojit m\u00edstn\u00ed praxi korpor\u00e1tn\u00edho pr\u00e1va s akademickou sf\u00e9rou, pop\u0159. se z\u00e1konod\u00e1rn\u00fdmi org\u00e1ny. &nbsp; &nbsp;<\/p>\n","protected":false},"author":1,"featured_media":0,"parent":0,"menu_order":0,"comment_status":"closed","ping_status":"closed","template":"","meta":[],"amp_enabled":true,"_links":{"self":[{"href":"https:\/\/akdusekbudil.cz\/index.php?rest_route=\/wp\/v2\/pages\/21"}],"collection":[{"href":"https:\/\/akdusekbudil.cz\/index.php?rest_route=\/wp\/v2\/pages"}],"about":[{"href":"https:\/\/akdusekbudil.cz\/index.php?rest_route=\/wp\/v2\/types\/page"}],"author":[{"embeddable":true,"href":"https:\/\/akdusekbudil.cz\/index.php?rest_route=\/wp\/v2\/users\/1"}],"replies":[{"embeddable":true,"href":"https:\/\/akdusekbudil.cz\/index.php?rest_route=%2Fwp%2Fv2%2Fcomments&post=21"}],"version-history":[{"count":6,"href":"https:\/\/akdusekbudil.cz\/index.php?rest_route=\/wp\/v2\/pages\/21\/revisions"}],"predecessor-version":[{"id":293,"href":"https:\/\/akdusekbudil.cz\/index.php?rest_route=\/wp\/v2\/pages\/21\/revisions\/293"}],"wp:attachment":[{"href":"https:\/\/akdusekbudil.cz\/index.php?rest_route=%2Fwp%2Fv2%2Fmedia&parent=21"}],"curies":[{"name":"wp","href":"https:\/\/api.w.org\/{rel}","templated":true}]}}